{"id":38,"date":"2024-07-05T19:25:38","date_gmt":"2024-07-05T17:25:38","guid":{"rendered":"https:\/\/salon-camping-car-lapalmyre.fr\/?page_id=38"},"modified":"2026-01-11T23:30:11","modified_gmt":"2026-01-11T22:30:11","slug":"invitation","status":"publish","type":"page","link":"https:\/\/expo-camping-car-monbazillac.fr\/index.php\/invitation\/","title":{"rendered":"Invitation"},"content":{"rendered":"<div class=\"wpb-content-wrapper\"><p>[vc_row css=\u00a0\u00bb.vc_custom_1563463900951{margin-top: 0px !important;padding-top: 0px !important;}\u00a0\u00bb][vc_column css=\u00a0\u00bb.vc_custom_1563463996499{margin-top: 0px !important;padding-top: 0px !important;}\u00a0\u00bb][vc_custom_heading text=\u00a0\u00bbInvitation \u00e0 l&rsquo;Expo camping-car Monbazillac\u00a0\u00bb font_container=\u00a0\u00bbtag:h2|text_align:left|color:%239c52bb\u00a0\u00bb google_fonts=\u00a0\u00bbfont_family:Roboto%3A100%2C100italic%2C300%2C300italic%2Cregular%2Citalic%2C500%2C500italic%2C700%2C700italic%2C900%2C900italic|font_style:500%20bold%20regular%3A500%3Anormal\u00a0\u00bb css=\u00a0\u00bb\u00a0\u00bb][vc_empty_space height=\u00a0\u00bb10px\u00a0\u00bb][vc_column_text css=\u00a0\u00bb\u00a0\u00bb]Pour recevoir votre invitation \u00e0 l&rsquo;Expo camping-car Monbazillac, veuillez remplir ce formulaire. Vous recevrez, \u00e0 la suite de votre inscription, un mail avec un lien de t\u00e9l\u00e9chargement. Vous avez la possibilit\u00e9 de l&rsquo;imprimer ou tout simplement de l&rsquo;enregistrer sur votre t\u00e9l\u00e9phone et de la montrer \u00e0 l&rsquo;accueil.[\/vc_column_text][\/vc_column][\/vc_row][vc_row][vc_column width=\u00a0\u00bb5\/12&Prime;][vc_single_image image=\u00a0\u00bb680&Prime; img_size=\u00a0\u00bbfull\u00a0\u00bb alignment=\u00a0\u00bbcenter\u00a0\u00bb css=\u00a0\u00bb\u00a0\u00bb][vc_row_inner][vc_column_inner][vc_raw_html]JTNDZGl2JTIwY2xhc3MlM0QlMjJmYi1zaGFyZS1idXR0b24lMjIlMjBkYXRhLWhyZWYlM0QlMjJodHRwcyUzQSUyRiUyRmJvcmRleHBvLmZyJTJGJTIyJTIwZGF0YS1sYXlvdXQlM0QlMjJidXR0b24lMjIlMjBkYXRhLXNpemUlM0QlMjJzbWFsbCUyMiUyMGRhdGEtbW9iaWxlLWlmcmFtZSUzRCUyMnRydWUlMjIlM0UlM0NhJTIwdGFyZ2V0JTNEJTIyX2JsYW5rJTIyJTIwJTNDJTJGYSUzRSUzQyUyRmRpdiUzRQ==[\/vc_raw_html][\/vc_column_inner][\/vc_row_inner][\/vc_column][vc_column width=\u00a0\u00bb7\/12&Prime;]\n<div class=\"wpcf7 no-js\" id=\"wpcf7-f669-o1\" lang=\"fr-FR\" dir=\"ltr\" data-wpcf7-id=\"669\">\n<div class=\"screen-reader-response\"><p role=\"status\" aria-live=\"polite\" aria-atomic=\"true\"><\/p> <ul><\/ul><\/div>\n<form action=\"\/index.php\/wp-json\/wp\/v2\/pages\/38#wpcf7-f669-o1\" method=\"post\" class=\"wpcf7-form init\" aria-label=\"Formulaire de contact\" novalidate=\"novalidate\" data-status=\"init\">\n<fieldset class=\"hidden-fields-container\"><input type=\"hidden\" name=\"_wpcf7\" value=\"669\" \/><input type=\"hidden\" name=\"_wpcf7_version\" value=\"6.1.5\" \/><input type=\"hidden\" name=\"_wpcf7_locale\" value=\"fr_FR\" \/><input type=\"hidden\" name=\"_wpcf7_unit_tag\" value=\"wpcf7-f669-o1\" \/><input type=\"hidden\" name=\"_wpcf7_container_post\" value=\"0\" \/><input type=\"hidden\" name=\"_wpcf7_posted_data_hash\" value=\"\" \/><input type=\"hidden\" name=\"_wpcf7_recaptcha_response\" value=\"\" \/>\n<\/fieldset>\n<div class=\"request_callback\">\n\t<div class=\"row\">\n\t\t<div class=\"col-lg-12 col-md-12 col-sm-12 col-xs-12\">\n\t\t\t<div class=\"input-group\" style=\"font-size:12px;\">\n\t\t\t\t<p>* Tous les champs marqu\u00e9s d'un ast\u00e9risque sont obligatoires\n\t\t\t\t<\/p>\n\t\t\t<\/div>\n\t\t<\/div>\n\t\t<div class=\"col-lg-12 col-md-12 col-sm-12 col-xs-12\">\n\t\t\t<div class=\"input-group\">\n\t\t\t\t<p><span class=\"wpcf7-form-control-wrap\" data-name=\"Civilite\"><span class=\"wpcf7-form-control wpcf7-checkbox wpcf7-validates-as-required wpcf7-exclusive-checkbox\"><span class=\"wpcf7-list-item first\"><input type=\"checkbox\" name=\"Civilite\" value=\"Mr *\" \/><span class=\"wpcf7-list-item-label\">Mr *<\/span><\/span><span class=\"wpcf7-list-item\"><input type=\"checkbox\" name=\"Civilite\" value=\"Mme  *\" \/><span class=\"wpcf7-list-item-label\">Mme  *<\/span><\/span><span class=\"wpcf7-list-item last\"><input type=\"checkbox\" name=\"Civilite\" value=\"Soci\u00e9t\u00e9  *\" \/><span class=\"wpcf7-list-item-label\">Soci\u00e9t\u00e9  *<\/span><\/span><\/span><\/span>\n\t\t\t\t<\/p>\n\t\t\t<\/div>\n\t\t<\/div>\n\t\t<div class=\"col-lg-6 col-md-6 col-sm-6 col-xs-12\">\n\t\t\t<div class=\"input-group\">\n\t\t\t\t<p><span class=\"wpcf7-form-control-wrap\" data-name=\"nom\"><input size=\"40\" maxlength=\"400\" class=\"wpcf7-form-control wpcf7-text wpcf7-validates-as-required\" aria-required=\"true\" aria-invalid=\"false\" placeholder=\"Nom *\" value=\"\" type=\"text\" name=\"nom\" \/><\/span>\n\t\t\t\t<\/p>\n\t\t\t<\/div>\n\t\t\t<div class=\"input-group\">\n\t\t\t\t<p><span class=\"wpcf7-form-control-wrap\" data-name=\"prenom\"><input size=\"40\" maxlength=\"400\" class=\"wpcf7-form-control wpcf7-text\" aria-invalid=\"false\" placeholder=\"Pr\u00e9nom *\" value=\"\" type=\"text\" name=\"prenom\" \/><\/span>\n\t\t\t\t<\/p>\n\t\t\t<\/div>\n\t\t\t<div class=\"input-group\">\n\t\t\t\t<p><span class=\"wpcf7-form-control-wrap\" data-name=\"email\"><input size=\"40\" maxlength=\"400\" class=\"wpcf7-form-control wpcf7-email wpcf7-validates-as-required wpcf7-text wpcf7-validates-as-email\" aria-required=\"true\" aria-invalid=\"false\" placeholder=\"Email *\" value=\"\" type=\"email\" name=\"email\" \/><\/span>\n\t\t\t\t<\/p>\n\t\t\t<\/div>\n\t\t\t<div class=\"input-group\">\n\t\t\t\t<p><span class=\"wpcf7-form-control-wrap\" data-name=\"telephone\"><input size=\"40\" maxlength=\"400\" class=\"wpcf7-form-control wpcf7-tel wpcf7-text wpcf7-validates-as-tel\" aria-invalid=\"false\" placeholder=\"T\u00e9l\u00e9phone *\" value=\"\" type=\"tel\" name=\"telephone\" \/><\/span>\n\t\t\t\t<\/p>\n\t\t\t<\/div>\n\t\t<\/div>\n\t\t<div class=\"col-lg-6 col-md-6 col-sm-6 col-xs-12\">\n\t\t\t<div class=\"input-group\">\n\t\t\t\t<p><span class=\"wpcf7-form-control-wrap\" data-name=\"adresse\"><input size=\"40\" maxlength=\"400\" class=\"wpcf7-form-control wpcf7-text\" aria-invalid=\"false\" placeholder=\"Adresse\" value=\"\" type=\"text\" name=\"adresse\" \/><\/span>\n\t\t\t\t<\/p>\n\t\t\t<\/div>\n\t\t\t<div class=\"input-group\">\n\t\t\t\t<p><span class=\"wpcf7-form-control-wrap\" data-name=\"code-postal\"><input size=\"40\" maxlength=\"400\" class=\"wpcf7-form-control wpcf7-text\" aria-invalid=\"false\" placeholder=\"Code Postal *\" value=\"\" type=\"text\" name=\"code-postal\" \/><\/span>\n\t\t\t\t<\/p>\n\t\t\t<\/div>\n\t\t\t<div class=\"input-group\">\n\t\t\t\t<p><span class=\"wpcf7-form-control-wrap\" data-name=\"ville\"><input size=\"40\" maxlength=\"400\" class=\"wpcf7-form-control wpcf7-text\" aria-invalid=\"false\" placeholder=\"Commune *\" value=\"\" type=\"text\" name=\"ville\" \/><\/span>\n\t\t\t\t<\/p>\n\t\t\t<\/div>\n\t\t<\/div>\n\t\t<div class=\"col-lg-12 col-md-12 col-sm-12 col-xs-12\">\n\t\t\t<div class=\"input-group\">\n\t\t\t\t<p><label>Abonnement e-mail<br \/>\n<span class=\"wpcf7-form-control-wrap\" data-name=\"adhesion\"><span class=\"wpcf7-form-control wpcf7-checkbox\"><span class=\"wpcf7-list-item first last\"><label><input type=\"checkbox\" name=\"adhesion[]\" value=\"J&#039;accepte de recevoir des offres de l&#039;Expo Camping-car de Monbazillac et de ses partenaires\" \/><span class=\"wpcf7-list-item-label\">J&#039;accepte de recevoir des offres de l&#039;Expo Camping-car de Monbazillac et de ses partenaires<\/span><\/label><\/span><\/span><\/span><\/label>\n\t\t\t\t<\/p>\n\t\t\t<\/div>\n\t\t\t<div class=\"input-group\">\n\t\t\t\t<p><button type=\"submit\" class=\"button size-lg icon_right\">ENVOYER <i class=\"fa fa-chevron-right\"><\/i><\/button>\n\t\t\t\t<\/p>\n\t\t\t<\/div>\n\t\t<\/div>\n\t<\/div>\n<\/div><p style=\"display: none !important;\" class=\"akismet-fields-container\" data-prefix=\"_wpcf7_ak_\"><label>&#916;<textarea name=\"_wpcf7_ak_hp_textarea\" cols=\"45\" rows=\"8\" maxlength=\"100\"><\/textarea><\/label><input type=\"hidden\" id=\"ak_js_1\" name=\"_wpcf7_ak_js\" value=\"237\"\/><script>document.getElementById( \"ak_js_1\" ).setAttribute( \"value\", ( new Date() ).getTime() );<\/script><\/p><div class=\"wpcf7-response-output\" aria-hidden=\"true\"><\/div>\n<\/form>\n<\/div>\n[\/vc_column][\/vc_row][vc_row disable_element=\u00a0\u00bbyes\u00a0\u00bb][vc_column][vc_column_text]<\/p>\n<hr \/>\n<p style=\"line-height: 20px; font-size: 12px; text-align: justify;\">Les informations recueillies sur ce formulaire sont enregistr\u00e9es dans un fichier informatis\u00e9 par <strong>quinZen<\/strong> pour <strong>la gestion de notre client\u00e8le et la diffusion d&rsquo;offre promotionnelles en lien avec le pr\u00e9sent site.<br \/>\n<\/strong>Elles sont conserv\u00e9es pendant <strong>2 ans<\/strong> et sont destin\u00e9es<strong> \u00e0 notre propre service marketing.<br \/>\n<\/strong>Conform\u00e9ment \u00e0 la <a href=\"https:\/\/www.cnil.fr\/fr\/loi-78-17-du-6-janvier-1978-modifiee\" target=\"_blank\" rel=\"noopener noreferrer\">loi \u00ab informatique et libert\u00e9s \u00bb<\/a>, vous pouvez exercer votre droit d&rsquo;acc\u00e8s aux donn\u00e9es vous concernant et les faire rectifier en contactant :<br \/>\n<strong>Agence quinZen, service datamining, 25 rue Auguste Limouzy, 11000 Narbonne &#8211; <a href=\"mailto:contact@quinzen.fr\">contact@quinzen.fr<\/a><\/strong><br \/>\nNous vous informons de l\u2019existence de la liste d&rsquo;opposition au d\u00e9marchage t\u00e9l\u00e9phonique \u00ab Bloctel \u00bb, sur laquelle vous pouvez vous inscrire ici : <a href=\"https:\/\/conso.bloctel.fr\/\" target=\"_blank\" rel=\"noopener noreferrer\">https:\/\/conso.bloctel.fr\/<br \/>\n<\/a><\/p>\n<hr \/>\n<p>[\/vc_column_text][\/vc_column][\/vc_row][vc_row][vc_column][vc_column_text css=\u00a0\u00bb\u00a0\u00bb]<\/p>\n<hr \/>\n<p style=\"line-height: 20px; font-size: 12px; text-align: justify;\">Les informations recueillies sur ce formulaire sont enregistr\u00e9es dans un fichier informatis\u00e9 par Passion Camping-Car<strong>\u00a0<\/strong>pour\u00a0<strong>la gestion de notre client\u00e8le et la diffusion d&rsquo;offres commerciales<\/strong><br \/>\nElles sont conserv\u00e9es pendant<strong>\u00a0<\/strong><strong>2 ans <\/strong>et sont destin\u00e9es<strong>\u00a0au service marketing interne de notre entreprise.<br \/>\n<\/strong>Conform\u00e9ment \u00e0 la\u00a0<a href=\"https:\/\/www.cnil.fr\/fr\/loi-78-17-du-6-janvier-1978-modifiee\">loi \u00ab informatique et libert\u00e9s \u00bb<\/a>, vous pouvez exercer votre droit d&rsquo;acc\u00e8s aux donn\u00e9es vous concernant et les faire rectifier en contactant Passion Camping-car &#8211; <a href=\"https:\/\/www.bing.com\/ck\/a?!&amp;&amp;p=9df217e4b8e9e2707cd3fc1aa3a317e6057973b66161b7a23e84dc2ef20bb66cJmltdHM9MTc2ODA4OTYwMA&amp;ptn=3&amp;ver=2&amp;hsh=4&amp;fclid=177632ed-c10b-60fd-2b21-2661c00d61ed&amp;u=a1L21hcHM_Jm1lcGk9MH5-RW1iZWRkZWR-QWRkcmVzc19MaW5rJnR5PTE4JnE9UGFzc2lvbiUyMGNhbXBpbmclMjBjYXImc3M9eXBpZC5ZTkQ2NTNGMUM2QzZCNUY5N0EmcHBvaXM9NDQuODI0Nzk4NTgzOTg0Mzc1XzAuNDg4OTIwMDAzMTc1NzM1NV9QYXNzaW9uJTIwY2FtcGluZyUyMGNhcl9ZTkQ2NTNGMUM2QzZCNUY5N0F-JmNwPTQ0LjgyNDc5OX4wLjQ4ODkyJnY9MiZzVj0xJkZPUk09TVBTUlBM&amp;ntb=1\" target=\"_blank\" rel=\"noopener\">74 Chemin de la Sabati\u00e8re, 24100 Bergerac<\/a> &#8211; France<strong>\u00a0: <a href=\"mailto:e.latour@passioncc.fr\">e.latour@passioncc.fr<\/a><\/strong><br \/>\nNous vous informons de l\u2019existence de la liste d&rsquo;opposition au d\u00e9marchage t\u00e9l\u00e9phonique \u00ab Bloctel \u00bb, sur laquelle vous pouvez vous inscrire ici :\u00a0<a href=\"https:\/\/conso.bloctel.fr\/\">https:\/\/conso.bloctel.fr\/<\/a><\/p>\n<hr \/>\n<p>[\/vc_column_text][\/vc_column][\/vc_row]<\/p>\n<\/div>","protected":false},"excerpt":{"rendered":"<p>[vc_row css=\u00a0\u00bb.vc_custom_1563463900951{margin-top: 0px !important;padding-top: 0px !important;}\u00a0\u00bb][vc_column css=\u00a0\u00bb.vc_custom_1563463996499{margin-top: 0px !important;padding-top: 0px !important;}\u00a0\u00bb][vc_custom_heading text=\u00a0\u00bbInvitation \u00e0 l&rsquo;Expo camping-car Monbazillac\u00a0\u00bb font_container=\u00a0\u00bbtag:h2|text_align:left|color:%239c52bb\u00a0\u00bb google_fonts=\u00a0\u00bbfont_family:Roboto%3A100%2C100italic%2C300%2C300italic%2Cregular%2Citalic%2C500%2C500italic%2C700%2C700italic%2C900%2C900italic|font_style:500%20bold%20regular%3A500%3Anormal\u00a0\u00bb css=\u00a0\u00bb\u00a0\u00bb][vc_empty_space height=\u00a0\u00bb10px\u00a0\u00bb][vc_column_text css=\u00a0\u00bb\u00a0\u00bb]Pour recevoir votre invitation \u00e0 l&rsquo;Expo camping-car Monbazillac, veuillez remplir ce formulaire. Vous recevrez, \u00e0 la suite de votre inscription, un mail avec un lien de t\u00e9l\u00e9chargement. Vous avez la possibilit\u00e9 de l&rsquo;imprimer ou tout simplement de l&rsquo;enregistrer sur votre t\u00e9l\u00e9phone et [&hellip;]<\/p>\n","protected":false},"author":1,"featured_media":0,"parent":0,"menu_order":0,"comment_status":"closed","ping_status":"closed","template":"","meta":{"footnotes":""},"class_list":["post-38","page","type-page","status-publish","hentry"],"yoast_head":"<!-- This site is optimized with the Yoast SEO plugin v25.0 - https:\/\/yoast.com\/wordpress\/plugins\/seo\/ -->\n<title>INVITATION | EXPO CAMPING-CAR | MONBAZILLAC<\/title>\n<meta name=\"description\" content=\"T\u00e9l\u00e9chargez votre invitation gratuite pour 2 personnes pour l&#039;expo camping-car de Monbazillac du 19 au 22 f\u00e9vrier 2026 .\" \/>\n<meta name=\"robots\" content=\"index, follow, max-snippet:-1, max-image-preview:large, max-video-preview:-1\" \/>\n<link rel=\"canonical\" href=\"https:\/\/expo-camping-car-monbazillac.fr\/index.php\/invitation\/\" \/>\n<meta property=\"og:locale\" content=\"fr_FR\" \/>\n<meta property=\"og:type\" content=\"article\" \/>\n<meta property=\"og:title\" content=\"INVITATION | EXPO CAMPING-CAR | MONBAZILLAC\" \/>\n<meta property=\"og:description\" content=\"T\u00e9l\u00e9chargez votre invitation gratuite pour 2 personnes pour l&#039;expo camping-car de Monbazillac du 19 au 22 f\u00e9vrier 2026 .\" \/>\n<meta property=\"og:url\" content=\"https:\/\/expo-camping-car-monbazillac.fr\/index.php\/invitation\/\" \/>\n<meta property=\"og:site_name\" content=\"Expo Camping-Car Monbazillac\" \/>\n<meta property=\"article:publisher\" content=\"https:\/\/www.facebook.com\/profile.php?id=61561766056102\" \/>\n<meta property=\"article:modified_time\" content=\"2026-01-11T22:30:11+00:00\" \/>\n<meta name=\"twitter:card\" content=\"summary_large_image\" \/>\n<meta name=\"twitter:label1\" content=\"Dur\u00e9e de lecture estim\u00e9e\" \/>\n\t<meta name=\"twitter:data1\" content=\"2 minutes\" \/>\n<script type=\"application\/ld+json\" class=\"yoast-schema-graph\">{\"@context\":\"https:\/\/schema.org\",\"@graph\":[{\"@type\":\"WebPage\",\"@id\":\"https:\/\/expo-camping-car-monbazillac.fr\/index.php\/invitation\/\",\"url\":\"https:\/\/expo-camping-car-monbazillac.fr\/index.php\/invitation\/\",\"name\":\"INVITATION | EXPO CAMPING-CAR | MONBAZILLAC\",\"isPartOf\":{\"@id\":\"https:\/\/expo-camping-car-monbazillac.fr\/#website\"},\"datePublished\":\"2024-07-05T17:25:38+00:00\",\"dateModified\":\"2026-01-11T22:30:11+00:00\",\"description\":\"T\u00e9l\u00e9chargez votre invitation gratuite pour 2 personnes pour l'expo camping-car de Monbazillac du 19 au 22 f\u00e9vrier 2026 .\",\"breadcrumb\":{\"@id\":\"https:\/\/expo-camping-car-monbazillac.fr\/index.php\/invitation\/#breadcrumb\"},\"inLanguage\":\"fr-FR\",\"potentialAction\":[{\"@type\":\"ReadAction\",\"target\":[\"https:\/\/expo-camping-car-monbazillac.fr\/index.php\/invitation\/\"]}]},{\"@type\":\"BreadcrumbList\",\"@id\":\"https:\/\/expo-camping-car-monbazillac.fr\/index.php\/invitation\/#breadcrumb\",\"itemListElement\":[{\"@type\":\"ListItem\",\"position\":1,\"name\":\"Accueil\",\"item\":\"https:\/\/expo-camping-car-monbazillac.fr\/\"},{\"@type\":\"ListItem\",\"position\":2,\"name\":\"Invitation\"}]},{\"@type\":\"WebSite\",\"@id\":\"https:\/\/expo-camping-car-monbazillac.fr\/#website\",\"url\":\"https:\/\/expo-camping-car-monbazillac.fr\/\",\"name\":\"Expo Camping-Car Monbazillac\",\"description\":\"Une grande expo de camping-cars \u00e0 Monbazillac\",\"potentialAction\":[{\"@type\":\"SearchAction\",\"target\":{\"@type\":\"EntryPoint\",\"urlTemplate\":\"https:\/\/expo-camping-car-monbazillac.fr\/?s={search_term_string}\"},\"query-input\":{\"@type\":\"PropertyValueSpecification\",\"valueRequired\":true,\"valueName\":\"search_term_string\"}}],\"inLanguage\":\"fr-FR\"}]}<\/script>\n<!-- \/ Yoast SEO plugin. -->","yoast_head_json":{"title":"INVITATION | EXPO CAMPING-CAR | MONBAZILLAC","description":"T\u00e9l\u00e9chargez votre invitation gratuite pour 2 personnes pour l'expo camping-car de Monbazillac du 19 au 22 f\u00e9vrier 2026 .","robots":{"index":"index","follow":"follow","max-snippet":"max-snippet:-1","max-image-preview":"max-image-preview:large","max-video-preview":"max-video-preview:-1"},"canonical":"https:\/\/expo-camping-car-monbazillac.fr\/index.php\/invitation\/","og_locale":"fr_FR","og_type":"article","og_title":"INVITATION | EXPO CAMPING-CAR | MONBAZILLAC","og_description":"T\u00e9l\u00e9chargez votre invitation gratuite pour 2 personnes pour l'expo camping-car de Monbazillac du 19 au 22 f\u00e9vrier 2026 .","og_url":"https:\/\/expo-camping-car-monbazillac.fr\/index.php\/invitation\/","og_site_name":"Expo Camping-Car Monbazillac","article_publisher":"https:\/\/www.facebook.com\/profile.php?id=61561766056102","article_modified_time":"2026-01-11T22:30:11+00:00","twitter_card":"summary_large_image","twitter_misc":{"Dur\u00e9e de lecture estim\u00e9e":"2 minutes"},"schema":{"@context":"https:\/\/schema.org","@graph":[{"@type":"WebPage","@id":"https:\/\/expo-camping-car-monbazillac.fr\/index.php\/invitation\/","url":"https:\/\/expo-camping-car-monbazillac.fr\/index.php\/invitation\/","name":"INVITATION | EXPO CAMPING-CAR | MONBAZILLAC","isPartOf":{"@id":"https:\/\/expo-camping-car-monbazillac.fr\/#website"},"datePublished":"2024-07-05T17:25:38+00:00","dateModified":"2026-01-11T22:30:11+00:00","description":"T\u00e9l\u00e9chargez votre invitation gratuite pour 2 personnes pour l'expo camping-car de Monbazillac du 19 au 22 f\u00e9vrier 2026 .","breadcrumb":{"@id":"https:\/\/expo-camping-car-monbazillac.fr\/index.php\/invitation\/#breadcrumb"},"inLanguage":"fr-FR","potentialAction":[{"@type":"ReadAction","target":["https:\/\/expo-camping-car-monbazillac.fr\/index.php\/invitation\/"]}]},{"@type":"BreadcrumbList","@id":"https:\/\/expo-camping-car-monbazillac.fr\/index.php\/invitation\/#breadcrumb","itemListElement":[{"@type":"ListItem","position":1,"name":"Accueil","item":"https:\/\/expo-camping-car-monbazillac.fr\/"},{"@type":"ListItem","position":2,"name":"Invitation"}]},{"@type":"WebSite","@id":"https:\/\/expo-camping-car-monbazillac.fr\/#website","url":"https:\/\/expo-camping-car-monbazillac.fr\/","name":"Expo Camping-Car Monbazillac","description":"Une grande expo de camping-cars \u00e0 Monbazillac","potentialAction":[{"@type":"SearchAction","target":{"@type":"EntryPoint","urlTemplate":"https:\/\/expo-camping-car-monbazillac.fr\/?s={search_term_string}"},"query-input":{"@type":"PropertyValueSpecification","valueRequired":true,"valueName":"search_term_string"}}],"inLanguage":"fr-FR"}]}},"_links":{"self":[{"href":"https:\/\/expo-camping-car-monbazillac.fr\/index.php\/wp-json\/wp\/v2\/pages\/38","targetHints":{"allow":["GET"]}}],"collection":[{"href":"https:\/\/expo-camping-car-monbazillac.fr\/index.php\/wp-json\/wp\/v2\/pages"}],"about":[{"href":"https:\/\/expo-camping-car-monbazillac.fr\/index.php\/wp-json\/wp\/v2\/types\/page"}],"author":[{"embeddable":true,"href":"https:\/\/expo-camping-car-monbazillac.fr\/index.php\/wp-json\/wp\/v2\/users\/1"}],"replies":[{"embeddable":true,"href":"https:\/\/expo-camping-car-monbazillac.fr\/index.php\/wp-json\/wp\/v2\/comments?post=38"}],"version-history":[{"count":28,"href":"https:\/\/expo-camping-car-monbazillac.fr\/index.php\/wp-json\/wp\/v2\/pages\/38\/revisions"}],"predecessor-version":[{"id":723,"href":"https:\/\/expo-camping-car-monbazillac.fr\/index.php\/wp-json\/wp\/v2\/pages\/38\/revisions\/723"}],"wp:attachment":[{"href":"https:\/\/expo-camping-car-monbazillac.fr\/index.php\/wp-json\/wp\/v2\/media?parent=38"}],"curies":[{"name":"wp","href":"https:\/\/api.w.org\/{rel}","templated":true}]}}