{"id":40,"date":"2024-07-05T19:25:38","date_gmt":"2024-07-05T17:25:38","guid":{"rendered":"https:\/\/salon-camping-car-lapalmyre.fr\/?page_id=40"},"modified":"2026-02-12T15:09:53","modified_gmt":"2026-02-12T14:09:53","slug":"plan-dacces-contact","status":"publish","type":"page","link":"https:\/\/expo-camping-car-monbazillac.fr\/index.php\/plan-dacces-contact\/","title":{"rendered":"Plan d&rsquo;acc\u00e8s &#038; contact"},"content":{"rendered":"<div class=\"wpb-content-wrapper\"><p>[vc_row][vc_column][vc_custom_heading text=\u00a0\u00bbPlan d&rsquo;acc\u00e8s \u00e0 l&rsquo;Expo camping-car au ch\u00e2teau de Monbazillac\u00a0\u00bb font_container=\u00a0\u00bbtag:h2|font_size:30PX|text_align:left|color:%239c52bb\u00a0\u00bb google_fonts=\u00a0\u00bbfont_family:Roboto%3A100%2C100italic%2C300%2C300italic%2Cregular%2Citalic%2C500%2C500italic%2C700%2C700italic%2C900%2C900italic|font_style:500%20bold%20regular%3A500%3Anormal\u00a0\u00bb css=\u00a0\u00bb\u00a0\u00bb][vc_row_inner][vc_column_inner][vc_empty_space height=\u00a0\u00bb10px\u00a0\u00bb][vc_gmaps link=\u00a0\u00bb#E-8_JTNDaWZyYW1lJTIwc3JjJTNEJTIyaHR0cHMlM0ElMkYlMkZ3d3cuZ29vZ2xlLmNvbSUyRm1hcHMlMkZlbWJlZCUzRnBiJTNEJTIxMW0xOCUyMTFtMTIlMjExbTMlMjExZDI4MzEuMjE5MTE1MzAzMTQlMjEyZDAuNDkxNTg5OTc2ODkxODU2OCUyMTNkNDQuNzk2NzIyOTcxMDcwOTglMjEybTMlMjExZjAlMjEyZjAlMjEzZjAlMjEzbTIlMjExaTEwMjQlMjEyaTc2OCUyMTRmMTMuMSUyMTNtMyUyMTFtMiUyMTFzMHgxMmFhZGJhMWRkMjIxYTdiJTI1M0EweGIyZjA4N2QzYWY1MzRjN2YlMjEyc0NoJTI1QzMlMjVBMnRlYXUlMjUyMGRlJTI1MjBNb25iYXppbGxhYyUyMTVlMCUyMTNtMiUyMTFzZnIlMjEyc2ZyJTIxNHYxNzY4MDkyNDA3Nzk5JTIxNW0yJTIxMXNmciUyMTJzZnIlMjIlMjB3aWR0aCUzRCUyMjYwMCUyMiUyMGhlaWdodCUzRCUyMjQ1MCUyMiUyMHN0eWxlJTNEJTIyYm9yZGVyJTNBMCUzQiUyMiUyMGFsbG93ZnVsbHNjcmVlbiUzRCUyMiUyMiUyMGxvYWRpbmclM0QlMjJsYXp5JTIyJTIwcmVmZXJyZXJwb2xpY3klM0QlMjJuby1yZWZlcnJlci13aGVuLWRvd25ncmFkZSUyMiUzRSUzQyUyRmlmcmFtZSUzRQ==\u00a0\u00bb size=\u00a0\u00bb260px\u00a0\u00bb css=\u00a0\u00bb\u00a0\u00bb][\/vc_column_inner][\/vc_row_inner][\/vc_column][\/vc_row][vc_row gap=\u00a0\u00bb20&Prime; el_class=\u00a0\u00bbcontact\u00a0\u00bb css=\u00a0\u00bb.vc_custom_1563460142494{padding-top: 20px !important;}\u00a0\u00bb][vc_column width=\u00a0\u00bb1\/5&Prime; css=\u00a0\u00bb.vc_custom_1688391784461{margin-top: 0px !important;margin-right: 0px !important;margin-left: 0px !important;border-top-width: 1px !important;border-right-width: 1px !important;border-bottom-width: 1px !important;border-left-width: 1px !important;padding-top: 0px !important;padding-right: 10px !important;padding-left: 10px !important;border-left-color: #e5e5e5 !important;border-left-style: none !important;border-right-color: #e5e5e5 !important;border-right-style: none !important;border-top-color: #e5e5e5 !important;border-top-style: none !important;border-bottom-color: #e5e5e5 !important;border-bottom-style: none !important;}\u00a0\u00bb][vc_icon icon_fontawesome=\u00a0\u00bbfas fa-car\u00a0\u00bb color=\u00a0\u00bbcustom\u00a0\u00bb background_style=\u00a0\u00bbrounded\u00a0\u00bb background_color=\u00a0\u00bbcustom\u00a0\u00bb align=\u00a0\u00bbcenter\u00a0\u00bb css_animation=\u00a0\u00bbbounceInLeft\u00a0\u00bb css=\u00a0\u00bb.vc_custom_1768407542804{margin-top: 0px !important;padding-top: 20px !important;}\u00a0\u00bb custom_color=\u00a0\u00bb#ffffff\u00a0\u00bb custom_background_color=\u00a0\u00bb#662483&Prime; link=\u00a0\u00bburl:https%3A%2F%2Fexpo-camping-car-monbazillac.fr%2Findex.php%2Fplan-dacces-contact%2F|title:Plan%20d%E2%80%99acc%C3%A8s%20%26%20contact\u00a0\u00bb][vc_column_text css=\u00a0\u00bb.vc_custom_1768151863961{padding-bottom: 20px !important;}\u00a0\u00bb]<\/p>\n<p style=\"text-align: center;\">Parking gratuit<br \/>\njour et nuit[\/vc_column_text][\/vc_column][vc_column width=\u00a0\u00bb1\/5&Prime; css=\u00a0\u00bb.vc_custom_1688391791512{margin-top: 0px !important;margin-right: 0px !important;margin-left: 0px !important;border-top-width: 1px !important;border-right-width: 1px !important;border-bottom-width: 1px !important;border-left-width: 1px !important;padding-top: 0px !important;border-left-color: #e5e5e5 !important;border-left-style: none !important;border-right-color: #e5e5e5 !important;border-right-style: none !important;border-top-color: #e5e5e5 !important;border-top-style: none !important;border-bottom-color: #e5e5e5 !important;border-bottom-style: none !important;}\u00a0\u00bb][vc_icon icon_fontawesome=\u00a0\u00bbfas fa-map-marker-alt\u00a0\u00bb color=\u00a0\u00bbcustom\u00a0\u00bb background_style=\u00a0\u00bbrounded\u00a0\u00bb background_color=\u00a0\u00bbcustom\u00a0\u00bb align=\u00a0\u00bbcenter\u00a0\u00bb css_animation=\u00a0\u00bbbounceInDown\u00a0\u00bb css=\u00a0\u00bb.vc_custom_1768407507396{margin-top: 0px !important;padding-top: 20px !important;}\u00a0\u00bb custom_color=\u00a0\u00bb#ffffff\u00a0\u00bb custom_background_color=\u00a0\u00bb#662483&Prime; link=\u00a0\u00bburl:https%3A%2F%2Fexpo-camping-car-monbazillac.fr%2Findex.php%2Fplan-dacces-contact%2F|title:Plan%20d%E2%80%99acc%C3%A8s%20%26%20contact\u00a0\u00bb][vc_column_text css=\u00a0\u00bb\u00a0\u00bb]<\/p>\n<p style=\"text-align: center;\"><strong>Ch\u00e2teau Monbazillac<\/strong><br \/>\n4 route du Ch\u00e2teau \u2013\u00a0<a href=\"https:\/\/www.bing.com\/ck\/a?!&amp;&amp;p=a57b4fb0cd2e6ac0185fd39d322f067ffcf1a07f89ef33e16d96d66e298a873dJmltdHM9MTc2ODA4OTYwMA&amp;ptn=3&amp;ver=2&amp;hsh=4&amp;fclid=177632ed-c10b-60fd-2b21-2661c00d61ed&amp;u=a1L21hcHM_Jm1lcGk9MH5-RW1iZWRkZWR-QWRkcmVzc19MaW5rJnR5PTE4JnE9Q2glQzMlQTJ0ZWF1JTIwZGUlMjBNb25iYXppbGxhYyZzcz15cGlkLllORkFBNUJFMUYwREM2MDZFRCZwcG9pcz00NC43OTY3MjYyMjY4MDY2NF8wLjQ5NDEzMTQ3NTY4NzAyN19DaCVDMyVBMnRlYXUlMjBkZSUyME1vbmJhemlsbGFjX1lORkFBNUJFMUYwREM2MDZFRH4mY3A9NDQuNzk2NzI2fjAuNDk0MTMxJnY9MiZzVj0xJkZPUk09TVBTUlBM&amp;ntb=1\" target=\"_blank\" rel=\"noopener\">24240 Monbazillac<\/a><\/p>\n<p style=\"text-align: center;\">contact@expo-camping-car-monbazillac.fr<\/p>\n<p>[\/vc_column_text][\/vc_column][vc_column width=\u00a0\u00bb1\/5&Prime; css=\u00a0\u00bb.vc_custom_1688391800338{margin-top: 0px !important;margin-right: 5px !important;margin-left: 5px !important;border-top-width: 1px !important;border-right-width: 1px !important;border-bottom-width: 1px !important;border-left-width: 1px !important;padding-top: 0px !important;border-left-color: #e5e5e5 !important;border-left-style: none !important;border-right-color: #e5e5e5 !important;border-right-style: none !important;border-top-color: #e5e5e5 !important;border-top-style: none !important;border-bottom-color: #e5e5e5 !important;border-bottom-style: none !important;}\u00a0\u00bb][vc_icon icon_fontawesome=\u00a0\u00bbfas fa-history\u00a0\u00bb color=\u00a0\u00bbcustom\u00a0\u00bb background_style=\u00a0\u00bbrounded\u00a0\u00bb background_color=\u00a0\u00bbcustom\u00a0\u00bb align=\u00a0\u00bbcenter\u00a0\u00bb css_animation=\u00a0\u00bbbounceInUp\u00a0\u00bb css=\u00a0\u00bb.vc_custom_1744121254892{margin-top: 0px !important;padding-top: 20px !important;}\u00a0\u00bb custom_color=\u00a0\u00bb#ffffff\u00a0\u00bb custom_background_color=\u00a0\u00bb#662483&Prime;][vc_column_text css=\u00a0\u00bb\u00a0\u00bb]<\/p>\n<p style=\"text-align: center;\">Du 19 au 22 f\u00e9vrier 2026<br \/>\nDe 9h \u00e0 18h non stop[\/vc_column_text][\/vc_column][vc_column width=\u00a0\u00bb1\/5&Prime; css=\u00a0\u00bb.vc_custom_1688391815448{margin-top: 0px !important;margin-right: 5px !important;margin-left: 5px !important;border-top-width: 1px !important;border-right-width: 1px !important;border-bottom-width: 1px !important;border-left-width: 1px !important;padding-top: 0px !important;border-left-color: #e5e5e5 !important;border-left-style: none !important;border-right-color: #e5e5e5 !important;border-right-style: none !important;border-top-color: #e5e5e5 !important;border-top-style: none !important;border-bottom-color: #e5e5e5 !important;border-bottom-style: none !important;}\u00a0\u00bb][vc_icon icon_fontawesome=\u00a0\u00bbfab fa-facebook\u00a0\u00bb color=\u00a0\u00bbcustom\u00a0\u00bb background_style=\u00a0\u00bbrounded\u00a0\u00bb background_color=\u00a0\u00bbcustom\u00a0\u00bb align=\u00a0\u00bbcenter\u00a0\u00bb css_animation=\u00a0\u00bbbounceInUp\u00a0\u00bb css=\u00a0\u00bb.vc_custom_1768921074607{margin-top: 0px !important;padding-top: 20px !important;}\u00a0\u00bb custom_color=\u00a0\u00bb#ffffff\u00a0\u00bb custom_background_color=\u00a0\u00bb#662483&Prime; link=\u00a0\u00bburl:%20https%3A%2F%2Fwww.facebook.com%2Fprofile.php%3Fid%3D61586324914146|title:Rejoignez%20nous%20sur%20Facebook%20|target:_blank\u00a0\u00bb][vc_column_text css=\u00a0\u00bb\u00a0\u00bb]<\/p>\n<p style=\"text-align: center;\">Rejoignez nous sur Facebook pour b\u00e9n\u00e9ficier des infos de derni\u00e8res minutes<\/p>\n<p>[\/vc_column_text][\/vc_column][vc_column width=\u00a0\u00bb1\/5&Prime;][vc_icon icon_fontawesome=\u00a0\u00bbfas fa-euro-sign\u00a0\u00bb color=\u00a0\u00bbcustom\u00a0\u00bb background_style=\u00a0\u00bbrounded\u00a0\u00bb background_color=\u00a0\u00bbcustom\u00a0\u00bb align=\u00a0\u00bbcenter\u00a0\u00bb css_animation=\u00a0\u00bbbounceInRight\u00a0\u00bb css=\u00a0\u00bb.vc_custom_1768407527811{margin-top: 0px !important;padding-top: 20px !important;}\u00a0\u00bb custom_color=\u00a0\u00bb#ffffff\u00a0\u00bb custom_background_color=\u00a0\u00bb#662483&Prime; link=\u00a0\u00bburl:https%3A%2F%2Fexpo-camping-car-monbazillac.fr%2Findex.php%2Finvitation%2F|title:Invitation\u00a0\u00bb][vc_column_text css=\u00a0\u00bb\u00a0\u00bb]<\/p>\n<p style=\"text-align: center;\">Entr\u00e9e 3 \u20ac<br \/>\nGratuite sur pr\u00e9sentation de l\u2019invitation[\/vc_column_text][\/vc_column][\/vc_row]<\/p>\n<\/div>","protected":false},"excerpt":{"rendered":"<p>[vc_row][vc_column][vc_custom_heading text=\u00a0\u00bbPlan d&rsquo;acc\u00e8s \u00e0 l&rsquo;Expo camping-car au ch\u00e2teau de Monbazillac\u00a0\u00bb font_container=\u00a0\u00bbtag:h2|font_size:30PX|text_align:left|color:%239c52bb\u00a0\u00bb google_fonts=\u00a0\u00bbfont_family:Roboto%3A100%2C100italic%2C300%2C300italic%2Cregular%2Citalic%2C500%2C500italic%2C700%2C700italic%2C900%2C900italic|font_style:500%20bold%20regular%3A500%3Anormal\u00a0\u00bb css=\u00a0\u00bb\u00a0\u00bb][vc_row_inner][vc_column_inner][vc_empty_space height=\u00a0\u00bb10px\u00a0\u00bb][vc_gmaps link=\u00a0\u00bb#E-8_JTNDaWZyYW1lJTIwc3JjJTNEJTIyaHR0cHMlM0ElMkYlMkZ3d3cuZ29vZ2xlLmNvbSUyRm1hcHMlMkZlbWJlZCUzRnBiJTNEJTIxMW0xOCUyMTFtMTIlMjExbTMlMjExZDI4MzEuMjE5MTE1MzAzMTQlMjEyZDAuNDkxNTg5OTc2ODkxODU2OCUyMTNkNDQuNzk2NzIyOTcxMDcwOTglMjEybTMlMjExZjAlMjEyZjAlMjEzZjAlMjEzbTIlMjExaTEwMjQlMjEyaTc2OCUyMTRmMTMuMSUyMTNtMyUyMTFtMiUyMTFzMHgxMmFhZGJhMWRkMjIxYTdiJTI1M0EweGIyZjA4N2QzYWY1MzRjN2YlMjEyc0NoJTI1QzMlMjVBMnRlYXUlMjUyMGRlJTI1MjBNb25iYXppbGxhYyUyMTVlMCUyMTNtMiUyMTFzZnIlMjEyc2ZyJTIxNHYxNzY4MDkyNDA3Nzk5JTIxNW0yJTIxMXNmciUyMTJzZnIlMjIlMjB3aWR0aCUzRCUyMjYwMCUyMiUyMGhlaWdodCUzRCUyMjQ1MCUyMiUyMHN0eWxlJTNEJTIyYm9yZGVyJTNBMCUzQiUyMiUyMGFsbG93ZnVsbHNjcmVlbiUzRCUyMiUyMiUyMGxvYWRpbmclM0QlMjJsYXp5JTIyJTIwcmVmZXJyZXJwb2xpY3klM0QlMjJuby1yZWZlcnJlci13aGVuLWRvd25ncmFkZSUyMiUzRSUzQyUyRmlmcmFtZSUzRQ==\u00a0\u00bb size=\u00a0\u00bb260px\u00a0\u00bb css=\u00a0\u00bb\u00a0\u00bb][\/vc_column_inner][\/vc_row_inner][\/vc_column][\/vc_row][vc_row gap=\u00a0\u00bb20&Prime; el_class=\u00a0\u00bbcontact\u00a0\u00bb css=\u00a0\u00bb.vc_custom_1563460142494{padding-top: 20px !important;}\u00a0\u00bb][vc_column width=\u00a0\u00bb1\/5&Prime; css=\u00a0\u00bb.vc_custom_1688391784461{margin-top: 0px !important;margin-right: 0px !important;margin-left: 0px !important;border-top-width: 1px !important;border-right-width: 1px !important;border-bottom-width: 1px !important;border-left-width: 1px !important;padding-top: 0px !important;padding-right: 10px !important;padding-left: 10px !important;border-left-color: #e5e5e5 !important;border-left-style: none !important;border-right-color: #e5e5e5 !important;border-right-style: none !important;border-top-color: #e5e5e5 !important;border-top-style: none !important;border-bottom-color: #e5e5e5 !important;border-bottom-style: none !important;}\u00a0\u00bb][vc_icon icon_fontawesome=\u00a0\u00bbfas fa-car\u00a0\u00bb [&hellip;]<\/p>\n","protected":false},"author":1,"featured_media":0,"parent":0,"menu_order":0,"comment_status":"closed","ping_status":"closed","template":"","meta":{"footnotes":""},"class_list":["post-40","page","type-page","status-publish","hentry"],"yoast_head":"<!-- This site is optimized with the Yoast SEO plugin v25.0 - https:\/\/yoast.com\/wordpress\/plugins\/seo\/ -->\n<title>ACCES | EXPO CAMPING-CAR | MONBAZILLAC<\/title>\n<meta name=\"description\" content=\"Retrouvez le plan et l&#039;adresse de l&#039;expo du camping-car \u00e0 Monbazillac. Ainsi que l&#039;adresse mail pour poser toutes les questions.\" \/>\n<meta name=\"robots\" content=\"index, follow, max-snippet:-1, max-image-preview:large, max-video-preview:-1\" \/>\n<link rel=\"canonical\" href=\"https:\/\/expo-camping-car-monbazillac.fr\/index.php\/plan-dacces-contact\/\" \/>\n<meta property=\"og:locale\" content=\"fr_FR\" \/>\n<meta property=\"og:type\" content=\"article\" \/>\n<meta property=\"og:title\" content=\"ACCES | EXPO CAMPING-CAR | MONBAZILLAC\" \/>\n<meta property=\"og:description\" content=\"Retrouvez le plan et l&#039;adresse de l&#039;expo du camping-car \u00e0 Monbazillac. Ainsi que l&#039;adresse mail pour poser toutes les questions.\" \/>\n<meta property=\"og:url\" content=\"https:\/\/expo-camping-car-monbazillac.fr\/index.php\/plan-dacces-contact\/\" \/>\n<meta property=\"og:site_name\" content=\"Expo Camping-Car Monbazillac\" \/>\n<meta property=\"article:publisher\" content=\"https:\/\/www.facebook.com\/profile.php?id=61561766056102\" \/>\n<meta property=\"article:modified_time\" content=\"2026-02-12T14:09:53+00:00\" \/>\n<meta name=\"twitter:card\" content=\"summary_large_image\" \/>\n<meta name=\"twitter:label1\" content=\"Dur\u00e9e de lecture estim\u00e9e\" \/>\n\t<meta name=\"twitter:data1\" content=\"2 minutes\" \/>\n<script type=\"application\/ld+json\" class=\"yoast-schema-graph\">{\"@context\":\"https:\/\/schema.org\",\"@graph\":[{\"@type\":\"WebPage\",\"@id\":\"https:\/\/expo-camping-car-monbazillac.fr\/index.php\/plan-dacces-contact\/\",\"url\":\"https:\/\/expo-camping-car-monbazillac.fr\/index.php\/plan-dacces-contact\/\",\"name\":\"ACCES | EXPO CAMPING-CAR | MONBAZILLAC\",\"isPartOf\":{\"@id\":\"https:\/\/expo-camping-car-monbazillac.fr\/#website\"},\"datePublished\":\"2024-07-05T17:25:38+00:00\",\"dateModified\":\"2026-02-12T14:09:53+00:00\",\"description\":\"Retrouvez le plan et l'adresse de l'expo du camping-car \u00e0 Monbazillac. Ainsi que l'adresse mail pour poser toutes les questions.\",\"breadcrumb\":{\"@id\":\"https:\/\/expo-camping-car-monbazillac.fr\/index.php\/plan-dacces-contact\/#breadcrumb\"},\"inLanguage\":\"fr-FR\",\"potentialAction\":[{\"@type\":\"ReadAction\",\"target\":[\"https:\/\/expo-camping-car-monbazillac.fr\/index.php\/plan-dacces-contact\/\"]}]},{\"@type\":\"BreadcrumbList\",\"@id\":\"https:\/\/expo-camping-car-monbazillac.fr\/index.php\/plan-dacces-contact\/#breadcrumb\",\"itemListElement\":[{\"@type\":\"ListItem\",\"position\":1,\"name\":\"Accueil\",\"item\":\"https:\/\/expo-camping-car-monbazillac.fr\/\"},{\"@type\":\"ListItem\",\"position\":2,\"name\":\"Plan d&rsquo;acc\u00e8s &#038; contact\"}]},{\"@type\":\"WebSite\",\"@id\":\"https:\/\/expo-camping-car-monbazillac.fr\/#website\",\"url\":\"https:\/\/expo-camping-car-monbazillac.fr\/\",\"name\":\"Expo Camping-Car Monbazillac\",\"description\":\"Une grande expo de camping-cars \u00e0 Monbazillac\",\"potentialAction\":[{\"@type\":\"SearchAction\",\"target\":{\"@type\":\"EntryPoint\",\"urlTemplate\":\"https:\/\/expo-camping-car-monbazillac.fr\/?s={search_term_string}\"},\"query-input\":{\"@type\":\"PropertyValueSpecification\",\"valueRequired\":true,\"valueName\":\"search_term_string\"}}],\"inLanguage\":\"fr-FR\"}]}<\/script>\n<!-- \/ Yoast SEO plugin. -->","yoast_head_json":{"title":"ACCES | EXPO CAMPING-CAR | MONBAZILLAC","description":"Retrouvez le plan et l'adresse de l'expo du camping-car \u00e0 Monbazillac. Ainsi que l'adresse mail pour poser toutes les questions.","robots":{"index":"index","follow":"follow","max-snippet":"max-snippet:-1","max-image-preview":"max-image-preview:large","max-video-preview":"max-video-preview:-1"},"canonical":"https:\/\/expo-camping-car-monbazillac.fr\/index.php\/plan-dacces-contact\/","og_locale":"fr_FR","og_type":"article","og_title":"ACCES | EXPO CAMPING-CAR | MONBAZILLAC","og_description":"Retrouvez le plan et l'adresse de l'expo du camping-car \u00e0 Monbazillac. Ainsi que l'adresse mail pour poser toutes les questions.","og_url":"https:\/\/expo-camping-car-monbazillac.fr\/index.php\/plan-dacces-contact\/","og_site_name":"Expo Camping-Car Monbazillac","article_publisher":"https:\/\/www.facebook.com\/profile.php?id=61561766056102","article_modified_time":"2026-02-12T14:09:53+00:00","twitter_card":"summary_large_image","twitter_misc":{"Dur\u00e9e de lecture estim\u00e9e":"2 minutes"},"schema":{"@context":"https:\/\/schema.org","@graph":[{"@type":"WebPage","@id":"https:\/\/expo-camping-car-monbazillac.fr\/index.php\/plan-dacces-contact\/","url":"https:\/\/expo-camping-car-monbazillac.fr\/index.php\/plan-dacces-contact\/","name":"ACCES | EXPO CAMPING-CAR | MONBAZILLAC","isPartOf":{"@id":"https:\/\/expo-camping-car-monbazillac.fr\/#website"},"datePublished":"2024-07-05T17:25:38+00:00","dateModified":"2026-02-12T14:09:53+00:00","description":"Retrouvez le plan et l'adresse de l'expo du camping-car \u00e0 Monbazillac. Ainsi que l'adresse mail pour poser toutes les questions.","breadcrumb":{"@id":"https:\/\/expo-camping-car-monbazillac.fr\/index.php\/plan-dacces-contact\/#breadcrumb"},"inLanguage":"fr-FR","potentialAction":[{"@type":"ReadAction","target":["https:\/\/expo-camping-car-monbazillac.fr\/index.php\/plan-dacces-contact\/"]}]},{"@type":"BreadcrumbList","@id":"https:\/\/expo-camping-car-monbazillac.fr\/index.php\/plan-dacces-contact\/#breadcrumb","itemListElement":[{"@type":"ListItem","position":1,"name":"Accueil","item":"https:\/\/expo-camping-car-monbazillac.fr\/"},{"@type":"ListItem","position":2,"name":"Plan d&rsquo;acc\u00e8s &#038; contact"}]},{"@type":"WebSite","@id":"https:\/\/expo-camping-car-monbazillac.fr\/#website","url":"https:\/\/expo-camping-car-monbazillac.fr\/","name":"Expo Camping-Car Monbazillac","description":"Une grande expo de camping-cars \u00e0 Monbazillac","potentialAction":[{"@type":"SearchAction","target":{"@type":"EntryPoint","urlTemplate":"https:\/\/expo-camping-car-monbazillac.fr\/?s={search_term_string}"},"query-input":{"@type":"PropertyValueSpecification","valueRequired":true,"valueName":"search_term_string"}}],"inLanguage":"fr-FR"}]}},"_links":{"self":[{"href":"https:\/\/expo-camping-car-monbazillac.fr\/index.php\/wp-json\/wp\/v2\/pages\/40","targetHints":{"allow":["GET"]}}],"collection":[{"href":"https:\/\/expo-camping-car-monbazillac.fr\/index.php\/wp-json\/wp\/v2\/pages"}],"about":[{"href":"https:\/\/expo-camping-car-monbazillac.fr\/index.php\/wp-json\/wp\/v2\/types\/page"}],"author":[{"embeddable":true,"href":"https:\/\/expo-camping-car-monbazillac.fr\/index.php\/wp-json\/wp\/v2\/users\/1"}],"replies":[{"embeddable":true,"href":"https:\/\/expo-camping-car-monbazillac.fr\/index.php\/wp-json\/wp\/v2\/comments?post=40"}],"version-history":[{"count":38,"href":"https:\/\/expo-camping-car-monbazillac.fr\/index.php\/wp-json\/wp\/v2\/pages\/40\/revisions"}],"predecessor-version":[{"id":806,"href":"https:\/\/expo-camping-car-monbazillac.fr\/index.php\/wp-json\/wp\/v2\/pages\/40\/revisions\/806"}],"wp:attachment":[{"href":"https:\/\/expo-camping-car-monbazillac.fr\/index.php\/wp-json\/wp\/v2\/media?parent=40"}],"curies":[{"name":"wp","href":"https:\/\/api.w.org\/{rel}","templated":true}]}}